{"id":1694,"date":"2017-07-15T10:13:34","date_gmt":"2017-07-15T10:13:34","guid":{"rendered":"http:\/\/papageienzucht-rhein-nahe.de\/?page_id=1694"},"modified":"2017-10-07T22:33:42","modified_gmt":"2017-10-07T22:33:42","slug":"videos","status":"publish","type":"page","link":"https:\/\/papageienzucht-rhein-nahe.de\/?page_id=1694","title":{"rendered":"Videos"},"content":{"rendered":"<p>[et_pb_section bb_built=&#8220;1&#8243; _builder_version=&#8220;3.0.61&#8243; background_image=&#8220;https:\/\/papageienzucht-rhein-nahe.de\/wp-content\/uploads\/2017\/06\/Natur7b.jpg&#8220;][et_pb_row][et_pb_column type=&#8220;4_4&#8243;][et_pb_video_slider _builder_version=&#8220;3.0.71&#8243; show_arrows=&#8220;on&#8220; show_thumbnails=&#8220;on&#8220; show_image_overlay=&#8220;show&#8220; controls_color=&#8220;light&#8220;] [et_pb_video_slider_item src=&#8220;https:\/\/papageienzucht-rhein-nahe.de\/wp-content\/uploads\/2017\/07\/kurzschwanz.m4v&#8220; background_layout=&#8220;dark&#8220; image_src=&#8220;https:\/\/papageienzucht-rhein-nahe.de\/wp-content\/uploads\/2017\/07\/Kurzschwanz.jpg&#8220; admin_title=&#8220;Kurzschwanz&#8220; \/][et_pb_video_slider_item src=&#8220;https:\/\/papageienzucht-rhein-nahe.de\/wp-content\/uploads\/2017\/07\/voegel2.m4v&#8220; background_layout=&#8220;dark&#8220; image_src=&#8220;https:\/\/papageienzucht-rhein-nahe.de\/wp-content\/uploads\/2017\/07\/voegel2.jpg&#8220; admin_title=&#8220;Paarung&#8220; \/][et_pb_video_slider_item src=&#8220;https:\/\/papageienzucht-rhein-nahe.de\/wp-content\/uploads\/2017\/06\/15009619_662105533957975_5978178890701471744_n.mp4&#8243; background_layout=&#8220;dark&#8220; image_src=&#8220;https:\/\/papageienzucht-rhein-nahe.de\/wp-content\/uploads\/2017\/07\/3.jpg&#8220; admin_title=&#8220;Gold Vol 2&#8243; \/][et_pb_video_slider_item src=&#8220;https:\/\/papageienzucht-rhein-nahe.de\/wp-content\/uploads\/2017\/06\/15081195_671423456372923_1463705011727892480_n-2.mp4&#8243; background_layout=&#8220;dark&#8220; image_src=&#8220;https:\/\/papageienzucht-rhein-nahe.de\/wp-content\/uploads\/2017\/07\/2.jpg&#8220; admin_title=&#8220;Gold innen 1&#8243; \/][et_pb_video_slider_item src=&#8220;https:\/\/papageienzucht-rhein-nahe.de\/wp-content\/uploads\/2017\/06\/14511999_1781336902142752_754415897510150144_n.mp4&#8243; background_layout=&#8220;dark&#8220; image_src=&#8220;https:\/\/papageienzucht-rhein-nahe.de\/wp-content\/uploads\/2017\/07\/4.jpg&#8220; admin_title=&#8220;Gold innen 2&#8243; \/][et_pb_video_slider_item src=&#8220;https:\/\/papageienzucht-rhein-nahe.de\/wp-content\/uploads\/2017\/07\/13857566_1035806699841166_1241414391_n.mp4&#8243; background_layout=&#8220;dark&#8220; image_src=&#8220;https:\/\/papageienzucht-rhein-nahe.de\/wp-content\/uploads\/2017\/07\/Goldbabies.jpg&#8220; admin_title=&#8220;Gold klein &#8220; \/][et_pb_video_slider_item src=&#8220;https:\/\/papageienzucht-rhein-nahe.de\/wp-content\/uploads\/2017\/06\/14018689_154116731696185_2103510239_n.mp4&#8243; background_layout=&#8220;dark&#8220; image_src=&#8220;https:\/\/papageienzucht-rhein-nahe.de\/wp-content\/uploads\/2017\/07\/7.jpg&#8220; admin_title=&#8220;Gold klein &#8220; \/][et_pb_video_slider_item src=&#8220;https:\/\/papageienzucht-rhein-nahe.de\/wp-content\/uploads\/2017\/06\/14374911_1800902153525003_8411233200520560640_n.mp4&#8243; background_layout=&#8220;dark&#8220; image_src=&#8220;https:\/\/papageienzucht-rhein-nahe.de\/wp-content\/uploads\/2017\/07\/6.jpg&#8220; admin_title=&#8220;Gold Keller 1&#8243; \/][et_pb_video_slider_item src=&#8220;https:\/\/papageienzucht-rhein-nahe.de\/wp-content\/uploads\/2017\/07\/IMG_5841.m4v&#8220; background_layout=&#8220;dark&#8220; image_src=&#8220;https:\/\/papageienzucht-rhein-nahe.de\/wp-content\/uploads\/2017\/07\/faecherpapa_vorschaubild.jpg&#8220; admin_title=&#8220;F\u00e4cher ZP&#8220; \/][et_pb_video_slider_item src=&#8220;https:\/\/papageienzucht-rhein-nahe.de\/wp-content\/uploads\/2017\/06\/14432679_1834397946783917_5095923905806204928_n.mp4&#8243; background_layout=&#8220;dark&#8220; image_src=&#8220;https:\/\/papageienzucht-rhein-nahe.de\/wp-content\/uploads\/2017\/07\/5.jpg&#8220; admin_title=&#8220;F\u00e4cher klein &#8220; \/][et_pb_video_slider_item src=&#8220;https:\/\/papageienzucht-rhein-nahe.de\/wp-content\/uploads\/2017\/06\/13950227_529388233932563_1962922529_n-2.mp4&#8243; background_layout=&#8220;dark&#8220; image_src=&#8220;https:\/\/papageienzucht-rhein-nahe.de\/wp-content\/uploads\/2017\/07\/10.jpg&#8220; admin_title=&#8220;F\u00e4cher gr\u00f6\u00dfer &#8220; \/][et_pb_video_slider_item src=&#8220;https:\/\/papageienzucht-rhein-nahe.de\/wp-content\/uploads\/2017\/06\/13992823_618424088326878_989981838_n.mp4&#8243; background_layout=&#8220;dark&#8220; image_src=&#8220;https:\/\/papageienzucht-rhein-nahe.de\/wp-content\/uploads\/2017\/07\/9.jpg&#8220; admin_title=&#8220;Gelbnacken&#8220; \/][et_pb_video_slider_item src=&#8220;https:\/\/papageienzucht-rhein-nahe.de\/wp-content\/uploads\/2017\/07\/Ohne-Titel.mp4&#8243; background_layout=&#8220;dark&#8220; image_src=&#8220;https:\/\/papageienzucht-rhein-nahe.de\/wp-content\/uploads\/2017\/07\/severa.jpg&#8220; admin_title=&#8220;Rotbug&#8220; \/][et_pb_video_slider_item src=&#8220;https:\/\/papageienzucht-rhein-nahe.de\/wp-content\/uploads\/2017\/06\/14004902_1223701384314876_1468596618_n.mp4&#8243; background_layout=&#8220;dark&#8220; image_src=&#8220;https:\/\/papageienzucht-rhein-nahe.de\/wp-content\/uploads\/2017\/07\/8.jpg&#8220; admin_title=&#8220;Rostkappen&#8220; \/][et_pb_video_slider_item src=&#8220;https:\/\/papageienzucht-rhein-nahe.de\/wp-content\/uploads\/2017\/06\/12832065_1046288292061136_1139050470_n-2.mp4&#8243; background_layout=&#8220;dark&#8220; image_src=&#8220;https:\/\/papageienzucht-rhein-nahe.de\/wp-content\/uploads\/2017\/07\/11.jpg&#8220; admin_title=&#8220;Rostkappen F\u00fctterung &#8220; \/][et_pb_video_slider_item src=&#8220;https:\/\/papageienzucht-rhein-nahe.de\/wp-content\/uploads\/2017\/07\/IMG_4960.mov&#8220; background_layout=&#8220;dark&#8220; image_src=&#8220;https:\/\/papageienzucht-rhein-nahe.de\/wp-content\/uploads\/2017\/07\/Kaefig.jpg&#8220; admin_title=&#8220;Rostkappen im neuen K\u00e4fig &#8220; \/][et_pb_video_slider_item src=&#8220;https:\/\/papageienzucht-rhein-nahe.de\/wp-content\/uploads\/2017\/07\/IMG_5487.mov&#8220; background_layout=&#8220;dark&#8220; image_src=&#8220;https:\/\/papageienzucht-rhein-nahe.de\/wp-content\/uploads\/2017\/07\/Rosti.jpg&#8220; admin_title=&#8220;Rostkappen im neuen K\u00e4fig &#8220; \/][et_pb_video_slider_item src=&#8220;https:\/\/papageienzucht-rhein-nahe.de\/wp-content\/uploads\/2017\/07\/IMG_5021.mov&#8220; background_layout=&#8220;dark&#8220; image_src=&#8220;https:\/\/papageienzucht-rhein-nahe.de\/wp-content\/uploads\/2017\/07\/Kletterbaum.jpg&#8220; admin_title=&#8220;Rostkappen Kletterbaum &#8220; \/][et_pb_video_slider_item src=&#8220;https:\/\/papageienzucht-rhein-nahe.de\/wp-content\/uploads\/2017\/07\/IMG_3356.m4v&#8220; background_layout=&#8220;dark&#8220; image_src=&#8220;https:\/\/papageienzucht-rhein-nahe.de\/wp-content\/uploads\/2017\/07\/Magna2.jpg&#8220; admin_title=&#8220;Magna 1&#8243; \/][et_pb_video_slider_item src=&#8220;https:\/\/papageienzucht-rhein-nahe.de\/wp-content\/uploads\/2017\/07\/IMG_3358.m4v&#8220; background_layout=&#8220;dark&#8220; image_src=&#8220;https:\/\/papageienzucht-rhein-nahe.de\/wp-content\/uploads\/2017\/07\/Magna.jpg&#8220; admin_title=&#8220;Magna 2&#8243; \/][et_pb_video_slider_item src=&#8220;https:\/\/papageienzucht-rhein-nahe.de\/wp-content\/uploads\/2017\/07\/IMG_3455-1.mov&#8220; background_layout=&#8220;dark&#8220; image_src=&#8220;https:\/\/papageienzucht-rhein-nahe.de\/wp-content\/uploads\/2017\/07\/Gelbnacken-1.jpg&#8220; admin_title=&#8220;Gelbnacken &#8220; \/][et_pb_video_slider_item src=&#8220;https:\/\/papageienzucht-rhein-nahe.de\/wp-content\/uploads\/2017\/07\/IMG_3479.mov&#8220; background_layout=&#8220;dark&#8220; image_src=&#8220;https:\/\/papageienzucht-rhein-nahe.de\/wp-content\/uploads\/2017\/07\/Rosa.jpg&#8220; admin_title=&#8220;Rosa&#8220; \/] [\/et_pb_video_slider][\/et_pb_column][\/et_pb_row][\/et_pb_section]<\/p>\n","protected":false},"excerpt":{"rendered":"<div class=\"et_pb_row et_pb_row_0 et_pb_row_empty\">\n\t\t\t\t\n\t\t\t\t\n\t\t\t\t\n\t\t\t\t\n\t\t\t\t\n\t\t\t<\/div>\n","protected":false},"author":1,"featured_media":0,"parent":0,"menu_order":0,"comment_status":"closed","ping_status":"closed","template":"","meta":{"_et_pb_use_builder":"on","_et_pb_old_content":"","_et_gb_content_width":"","footnotes":""},"class_list":["post-1694","page","type-page","status-publish","hentry"],"_links":{"self":[{"href":"https:\/\/papageienzucht-rhein-nahe.de\/index.php?rest_route=\/wp\/v2\/pages\/1694","targetHints":{"allow":["GET"]}}],"collection":[{"href":"https:\/\/papageienzucht-rhein-nahe.de\/index.php?rest_route=\/wp\/v2\/pages"}],"about":[{"href":"https:\/\/papageienzucht-rhein-nahe.de\/index.php?rest_route=\/wp\/v2\/types\/page"}],"author":[{"embeddable":true,"href":"https:\/\/papageienzucht-rhein-nahe.de\/index.php?rest_route=\/wp\/v2\/users\/1"}],"replies":[{"embeddable":true,"href":"https:\/\/papageienzucht-rhein-nahe.de\/index.php?rest_route=%2Fwp%2Fv2%2Fcomments&post=1694"}],"version-history":[{"count":31,"href":"https:\/\/papageienzucht-rhein-nahe.de\/index.php?rest_route=\/wp\/v2\/pages\/1694\/revisions"}],"predecessor-version":[{"id":2617,"href":"https:\/\/papageienzucht-rhein-nahe.de\/index.php?rest_route=\/wp\/v2\/pages\/1694\/revisions\/2617"}],"wp:attachment":[{"href":"https:\/\/papageienzucht-rhein-nahe.de\/index.php?rest_route=%2Fwp%2Fv2%2Fmedia&parent=1694"}],"curies":[{"name":"wp","href":"https:\/\/api.w.org\/{rel}","templated":true}]}}