{"id":51,"date":"2017-05-08T15:01:28","date_gmt":"2017-05-08T13:01:28","guid":{"rendered":"http:\/\/charly.sven-halle.de\/?page_id=51"},"modified":"2020-09-17T07:52:47","modified_gmt":"2020-09-17T07:52:47","slug":"startseite","status":"publish","type":"page","link":"https:\/\/papageienzucht-rhein-nahe.de\/","title":{"rendered":"Startseite"},"content":{"rendered":"<p>[et_pb_section fb_built=&#8220;1&#8243; admin_label=&#8220;section&#8220; _builder_version=&#8220;3.22&#8243; background_image=&#8220;https:\/\/papageienzucht-rhein-nahe.de\/wp-content\/uploads\/2017\/09\/mittag2.jpg&#8220; custom_css_main_element=&#8220;min-height:550px;&#8220;][et_pb_row admin_label=&#8220;row&#8220; _builder_version=&#8220;3.25&#8243; background_size=&#8220;initial&#8220; background_position=&#8220;top_left&#8220; background_repeat=&#8220;repeat&#8220; hover_enabled=&#8220;0&#8243; custom_css_main_element=&#8220;height:592px;&#8220; column_structure=&#8220;1_2,1_2&#8243; sticky_enabled=&#8220;0&#8243;][et_pb_column type=&#8220;1_2&#8243; _builder_version=&#8220;3.25&#8243; background_position=&#8220;top_left&#8220; custom_padding=&#8220;|||&#8220; custom_padding__hover=&#8220;|||&#8220;][et_pb_image src=&#8220;https:\/\/papageienzucht-rhein-nahe.de\/wp-content\/uploads\/2017\/05\/vogel.png&#8220; align=&#8220;center&#8220; align_tablet=&#8220;center&#8220; align_last_edited=&#8220;on|desktop&#8220; _builder_version=&#8220;4.6.1&#8243; animation_style=&#8220;slide&#8220; animation_direction=&#8220;left&#8220; animation_duration=&#8220;500ms&#8220; animation_intensity_slide=&#8220;10%&#8220; hover_enabled=&#8220;0&#8243; title_text=&#8220;vogel&#8220; sticky_enabled=&#8220;0&#8243;][\/et_pb_image][\/et_pb_column][et_pb_column type=&#8220;1_2&#8243; _builder_version=&#8220;3.25&#8243; background_position=&#8220;top_left&#8220; custom_padding=&#8220;|||&#8220; custom_padding__hover=&#8220;|||&#8220;][et_pb_text _builder_version=&#8220;3.27.4&#8243; text_font=&#8220;|on|||&#8220; text_font_size=&#8220;18&#8243; header_font=&#8220;Lobster||||&#8220; background_color=&#8220;rgba(0,0,0,0.51)&#8220; background_size=&#8220;initial&#8220; background_position=&#8220;top_left&#8220; background_repeat=&#8220;repeat&#8220; background_layout=&#8220;dark&#8220; custom_margin_last_edited=&#8220;off|phone&#8220; custom_padding=&#8220;40px|40px|40px|40px&#8220; custom_padding_tablet=&#8220;&#8220; custom_padding_phone=&#8220;12px|0px|0px|12px&#8220; custom_padding_last_edited=&#8220;on|phone&#8220; text_font_size_tablet=&#8220;&#8220; text_font_size_phone=&#8220;14&#8243; text_font_size_last_edited=&#8220;on|phone&#8220; inline_fonts=&#8220;Raleway Light,Source Sans Pro Light,Tangerine,Crafty Girls,Satisfy&#8220;]<\/p>\n<style type=\"text\/css\">\n.entry-content tr td, body.et-pb-preview #main-content .container tr td {padding: 0;    border-top: 0;    margin:0;}p{padding-bottom:0;}<\/style>\n<p>Karl H. Diefenbach<br \/>\nPfarrer-Beichert-Strasse 9<br \/>\nD 55411 Bingen-B\u00fcdesheim<\/p>\n<table style=\"border: 0; margin: 0; padding: 0;\">\n<tbody>\n<tr>\n<td style=\"width: 75px;\">Telefon:<\/td>\n<td>0049 (0) 6721 1867890<\/td>\n<\/tr>\n<tr>\n<td><\/td>\n<td>0049 (0) 6721 43077<\/td>\n<\/tr>\n<tr>\n<td>Mobil:<\/td>\n<td>0049 (0) 160 1539015<\/td>\n<\/tr>\n<tr>\n<td>E-Mail:<\/td>\n<td>info@papageienzucht-rhein-nahe.de<\/td>\n<\/tr>\n<\/tbody>\n<\/table>\n<p>[\/et_pb_text][\/et_pb_column][\/et_pb_row][\/et_pb_section][et_pb_section fb_built=&#8220;1&#8243; admin_label=&#8220;section&#8220; _builder_version=&#8220;3.22&#8243; background_color=&#8220;rgba(255,255,255,0)&#8220; transparent_background=&#8220;on&#8220;][et_pb_row admin_label=&#8220;row&#8220; _builder_version=&#8220;3.25&#8243; background_size=&#8220;initial&#8220; background_position=&#8220;top_left&#8220; background_repeat=&#8220;repeat&#8220; column_structure=&#8220;1_2,1_2&#8243;][et_pb_column type=&#8220;1_2&#8243; _builder_version=&#8220;3.25&#8243; custom_padding=&#8220;|||&#8220; custom_padding__hover=&#8220;|||&#8220;][et_pb_text _builder_version=&#8220;3.27.4&#8243; header_font=&#8220;Lobster||||&#8220; background_size=&#8220;initial&#8220; background_position=&#8220;top_left&#8220; background_repeat=&#8220;repeat&#8220;]<\/p>\n<h1>Arterhaltung durch Zucht!<\/h1>\n<p>Nach diesem Leitgedanken handeln wir bereits seit vielen Jahren, und durch gezielte Nachzuchten versuchen wir, Naturentnahmen so weit als nur m\u00f6glich zu verhindern. Entsprechend blicken wir auf \u00fcber 40 Jahre Hobby-Zuchterfahrung zur\u00fcck. Zahlreiche deutsche und europ\u00e4ische Erstzuchten kr\u00f6nten die Bem\u00fchungen w\u00e4hrend dieser Zeit mit Erfolg.<br \/>\n[\/et_pb_text][\/et_pb_column][et_pb_column type=&#8220;1_2&#8243; _builder_version=&#8220;3.25&#8243; custom_padding=&#8220;|||&#8220; custom_padding__hover=&#8220;|||&#8220;][et_pb_text _builder_version=&#8220;3.27.4&#8243; header_font=&#8220;Lobster||||&#8220; background_size=&#8220;initial&#8220; background_position=&#8220;top_left&#8220; background_repeat=&#8220;repeat&#8220;]<\/p>\n<h1>Papageienkauf ist Vertrauenssache!<\/h1>\n<p>Wir geben fast das ganze Jahr \u00fcber Jungtiere vieler Arten von Kakadus, Amazonen, Wei\u00dfbauchpapageien u.a. Arten zu fairen Preisen ab. Alle Tiere stammen fast ausschlie\u00dflich aus eigener Nachzucht; sie sind ausnahmslos geschlossen beringt, entsprechend den neuesten gesetzlichen Bestim- mungen. Alle ben\u00f6tigten Papiere erh\u00e4lt der K\u00e4ufer &nbsp;selbstverst\u00e4ndlich dazu.<br \/>\n[\/et_pb_text][\/et_pb_column][\/et_pb_row][\/et_pb_section]<\/p>\n","protected":false},"excerpt":{"rendered":"<p>Karl H. Diefenbach Pfarrer-Beichert-Strasse 9 D 55411 Bingen-B\u00fcdesheim Telefon: 0049 (0) 6721 1867890 0049 (0) 6721 43077 Mobil: 0049 (0) 160 1539015 E-Mail: info@papageienzucht-rhein-nahe.de Arterhaltung durch Zucht! Nach diesem Leitgedanken handeln wir bereits seit vielen Jahren, und durch gezielte Nachzuchten versuchen wir, Naturentnahmen so weit als nur m\u00f6glich zu verhindern. Entsprechend blicken wir auf \u00fcber [&hellip;]<\/p>\n","protected":false},"author":1,"featured_media":0,"parent":0,"menu_order":0,"comment_status":"closed","ping_status":"closed","template":"","meta":{"_et_pb_use_builder":"on","_et_pb_old_content":"","_et_gb_content_width":"","footnotes":""},"class_list":["post-51","page","type-page","status-publish","hentry"],"_links":{"self":[{"href":"https:\/\/papageienzucht-rhein-nahe.de\/index.php?rest_route=\/wp\/v2\/pages\/51","targetHints":{"allow":["GET"]}}],"collection":[{"href":"https:\/\/papageienzucht-rhein-nahe.de\/index.php?rest_route=\/wp\/v2\/pages"}],"about":[{"href":"https:\/\/papageienzucht-rhein-nahe.de\/index.php?rest_route=\/wp\/v2\/types\/page"}],"author":[{"embeddable":true,"href":"https:\/\/papageienzucht-rhein-nahe.de\/index.php?rest_route=\/wp\/v2\/users\/1"}],"replies":[{"embeddable":true,"href":"https:\/\/papageienzucht-rhein-nahe.de\/index.php?rest_route=%2Fwp%2Fv2%2Fcomments&post=51"}],"version-history":[{"count":63,"href":"https:\/\/papageienzucht-rhein-nahe.de\/index.php?rest_route=\/wp\/v2\/pages\/51\/revisions"}],"predecessor-version":[{"id":3003,"href":"https:\/\/papageienzucht-rhein-nahe.de\/index.php?rest_route=\/wp\/v2\/pages\/51\/revisions\/3003"}],"wp:attachment":[{"href":"https:\/\/papageienzucht-rhein-nahe.de\/index.php?rest_route=%2Fwp%2Fv2%2Fmedia&parent=51"}],"curies":[{"name":"wp","href":"https:\/\/api.w.org\/{rel}","templated":true}]}}